{"id":1178,"date":"2021-04-24T17:02:03","date_gmt":"2021-04-24T14:02:03","guid":{"rendered":"https:\/\/serpicoprodottitipiciischia.it\/?page_id=1178"},"modified":"2022-03-01T18:25:16","modified_gmt":"2022-03-01T15:25:16","slug":"condizioni","status":"publish","type":"page","link":"https:\/\/serpicoprodottitipiciischia.it\/en\/condizioni\/","title":{"rendered":"General conditions"},"content":{"rendered":"<div data-elementor-type=\"wp-page\" data-elementor-id=\"1178\" class=\"elementor elementor-1178\" data-elementor-post-type=\"page\">\n\t\t\t\t\t\t<section class=\"ob-is-breaking-bad elementor-section elementor-top-section elementor-element elementor-element-94ec720 elementor-section-boxed elementor-section-height-default elementor-section-height-default\" data-id=\"94ec720\" data-element_type=\"section\" data-e-type=\"section\" data-settings=\"{&quot;background_background&quot;:&quot;classic&quot;,&quot;_ob_bbad_use_it&quot;:&quot;yes&quot;,&quot;_ob_bbad_sssic_use&quot;:&quot;no&quot;,&quot;_ob_glider_is_slider&quot;:&quot;no&quot;}\">\n\t\t\t\t\t\t<div class=\"elementor-container elementor-column-gap-default\">\n\t\t\t\t\t<div class=\"elementor-column elementor-col-100 elementor-top-column elementor-element elementor-element-756bbf4\" data-id=\"756bbf4\" data-element_type=\"column\" data-e-type=\"column\" data-settings=\"{&quot;_ob_bbad_is_stalker&quot;:&quot;no&quot;,&quot;_ob_teleporter_use&quot;:false,&quot;_ob_column_hoveranimator&quot;:&quot;no&quot;,&quot;_ob_column_has_pseudo&quot;:&quot;no&quot;}\">\n\t\t\t<div class=\"elementor-widget-wrap elementor-element-populated\">\n\t\t\t\t\t\t<div class=\"elementor-element elementor-element-0d54bc1 ob-harakiri-inherit ob-has-background-overlay elementor-widget elementor-widget-heading\" data-id=\"0d54bc1\" data-element_type=\"widget\" data-e-type=\"widget\" data-settings=\"{&quot;_ob_use_harakiri&quot;:&quot;yes&quot;,&quot;_ob_harakiri_writing_mode&quot;:&quot;inherit&quot;,&quot;_ob_harakiri_text_clip&quot;:&quot;none&quot;,&quot;_ob_perspektive_use&quot;:&quot;no&quot;,&quot;_ob_poopart_use&quot;:&quot;yes&quot;,&quot;_ob_shadough_use&quot;:&quot;no&quot;,&quot;_ob_allow_hoveranimator&quot;:&quot;no&quot;,&quot;_ob_widget_stalker_use&quot;:&quot;no&quot;}\" data-widget_type=\"heading.default\">\n\t\t\t\t<div class=\"elementor-widget-container\">\n\t\t\t\t\t<h2 class=\"elementor-heading-title elementor-size-default\">General conditions<\/h2>\t\t\t\t<\/div>\n\t\t\t\t<\/div>\n\t\t\t\t\t<\/div>\n\t\t<\/div>\n\t\t\t\t\t<\/div>\n\t\t<\/section>\n\t\t\t\t<section class=\"ob-is-breaking-bad elementor-section elementor-top-section elementor-element elementor-element-6e63acb elementor-section-boxed elementor-section-height-default elementor-section-height-default\" data-id=\"6e63acb\" data-element_type=\"section\" data-e-type=\"section\" data-settings=\"{&quot;background_background&quot;:&quot;classic&quot;,&quot;_ob_bbad_use_it&quot;:&quot;yes&quot;,&quot;_ob_bbad_sssic_use&quot;:&quot;no&quot;,&quot;_ob_glider_is_slider&quot;:&quot;no&quot;}\">\n\t\t\t\t\t\t<div class=\"elementor-container elementor-column-gap-default\">\n\t\t\t\t\t<div class=\"elementor-column elementor-col-100 elementor-top-column elementor-element elementor-element-d074c82\" data-id=\"d074c82\" data-element_type=\"column\" data-e-type=\"column\" data-settings=\"{&quot;_ob_bbad_is_stalker&quot;:&quot;no&quot;,&quot;_ob_teleporter_use&quot;:false,&quot;_ob_column_hoveranimator&quot;:&quot;no&quot;,&quot;_ob_column_has_pseudo&quot;:&quot;no&quot;}\">\n\t\t\t<div class=\"elementor-widget-wrap elementor-element-populated\">\n\t\t\t\t\t\t<div class=\"elementor-element elementor-element-e01b931 ob-harakiri-inherit ob-has-background-overlay elementor-widget elementor-widget-text-editor\" data-id=\"e01b931\" data-element_type=\"widget\" data-e-type=\"widget\" data-settings=\"{&quot;_ob_use_harakiri&quot;:&quot;yes&quot;,&quot;_ob_harakiri_writing_mode&quot;:&quot;inherit&quot;,&quot;_ob_postman_use&quot;:&quot;no&quot;,&quot;_ob_perspektive_use&quot;:&quot;no&quot;,&quot;_ob_poopart_use&quot;:&quot;yes&quot;,&quot;_ob_shadough_use&quot;:&quot;no&quot;,&quot;_ob_allow_hoveranimator&quot;:&quot;no&quot;,&quot;_ob_widget_stalker_use&quot;:&quot;no&quot;}\" data-widget_type=\"text-editor.default\">\n\t\t\t\t<div class=\"elementor-widget-container\">\n\t\t\t\t\t\t\t\t\t<p>Da Nicola S.N.C. con sede a Forio in Piazza Matteotti, 14 \u00e8 titolare dei domini e siti www.serpicoprodottitipiciischia.it<br \/>Le presenti condizioni generali di vendita (\u201cCondizioni generali\u201d) sono regolate dal Codice del Consumo (D. Lgs. n. 206\/2005), sezione II Contratti a distanza (artt. 50 \u2013 67) e dalle norme in materia di commercio elettronico (D. Lgs. n. 70\/2003).<br \/>1. Condizioni generali: il Cliente \u00e8 invitato a stampare o a conservare secondo le modalit\u00e0 preferite le presenti Condizioni Generali. In caso di variazioni delle Condizioni Generali, all\u2019ordine si applicheranno le Condizioni Generali pubblicate sul Sito al momento dell\u2019invio dell\u2019ordine stesso da parte del Cliente.<br \/>2. Offerta al pubblico: i prodotti ed i relativi prezzi presentati nel Sito costituiscono un\u2019offerta al pubblico conformemente alle modalit\u00e0 precisate nelle Condizioni Generali e nel Sito stesso. Le Condizioni di tale offerta si applicano esclusivamente agli acquisti effettuati sul Sito.<br \/>3. Accettazione: il Cliente, con l\u2019invio telematico della conferma del proprio ordine d\u2019acquisto, accetta incondizionatamente e si obbliga ad osservare nei suoi rapporti con Da Nicola S.N.C. le condizioni generali e di pagamento di seguito trascritte, dichiarando di aver preso visione ed accettato tutte le indicazioni a lui fornite ai sensi delle norme sopra richiamate, prendendo altres\u00ec atto che Da Nicola S.N.C. non si ritiene vincolata a condizioni diverse se non preventivamente concordate per iscritto.<br \/>4. Prezzi: tutti i prezzi sono comprensivi di IVA; le spese di consegna sono evidenziate al momento dell\u2019ordine. Ai prodotti si applica il prezzo evidenziato sul Sito al momento della conclusione dell\u2019ordine, senza alcuna considerazione di eventuali variazioni di prezzo intervenute successivamente o precedentemente l\u2019offerta.<br \/>5. Pagamenti: il pagamento pu\u00f2 essere effettuato con carta di credito:<br \/>* carta di credito secondo procedure riservate e definite con Da Nicola S.N.C.<br \/>6. Ordine: il Cliente conclude correttamente la procedura d\u2019ordine se il Sito non evidenzia alcun messaggio di errore. Il contratto si intende concluso al momento della ricezione dell\u2019ordine da parte di Da Nicola S.N.C. In tal caso Da Nicola S.N.C. dar\u00e0 riscontro della ricezione dell\u2019ordine con l\u2019invio di una mail di conferma d\u2019ordine all\u2019indirizzo di posta elettronica comunicato dal Cliente. Tale conferma riepiloga gli articoli scelti, i relativi prezzi, incluse le spese di consegna, l\u2019indirizzo per la consegna e le condizioni particolari applicabili all\u2019ordine. Il Cliente si impegna a verificare la correttezza dei dati ed a comunicare subito a Ischia Da Nicola S.N.C. eventuali correzioni. Possibili aggravi di spese determinati da errori nei dati non segnalati tempestivamente saranno a carico del Cliente.<br \/>\u00c8 possibile che si verifichino occasionali non disponibilit\u00e0 dei prodotti offerti, in tal caso, qualora i prodotti scelti dal Cliente non siano, in tutto o in parte, disponibili, Da Nicola S.N.C. lo comunicher\u00e0 tempestivamente al Cliente, indicando una data utile entro cui sar\u00e0 possibile evadere l\u2019ordine. Il Cliente acconsente al differimento della consegna del prodotto entro il termine di 7 giorni da quello preventivamente indicato.<br \/>7. Modalit\u00e0 e spese di consegna: Da Nicola S.N.C. consegna solo nelle zone specificate nel Sito.<br \/>8. Diritto di recesso: se il Cliente \u00e8 un consumatore gli competono i diritti di cui all\u2019art. 64 del Codice del Consumo nei limiti previsti da tale normativa ed ha pertanto diritto di recedere dal contratto di acquisto per qualsiasi motivo, senza spiegazioni e senza alcuna penalit\u00e0, con le modalit\u00e0 di seguito precisate. Il diritto di recesso si esercita con l\u2019invio \u2013 entro 10 (dieci) giorni dalla data di ricevimento dei prodotti \u2013 di una comunicazione a mezzo raccomandata A\/R. indirizzata a: Da Nicola S.N.C. \u2013 piazza Matteotti, n.14 80075 Forio d\u2019Ischia (NA). La comunicazione pu\u00f2 essere anticipata \u2013 entro lo stesso termine \u2013 tramite, e-mail all\u2019indirizzo info@biocosmeticiserpicoischia.it a condizione che sia confermata a mezzo raccomandata A\/R, entro le 48 ore successive. La comunicazione di recesso dovr\u00e0 specificare la volont\u00e0 di recedere dall\u2019acquisto ed il prodotto o i prodotti per i quali si intende esercitare il diritto di recesso, allegando copia dell\u2019email di conferma dell\u2019ordine ricevuta all\u2019atto dello stesso. Nel caso in cui il recesso sia esercitato a mezzo di comunicazione scritta, la restituzione dei prodotti dovr\u00e0 avvenire entro 30 (trenta) giorni dalla data di ricevimento degli stessi, recapitando i prodotti al seguente indirizzo: Da Nicola S.N.C. \u2013 piazza Matteotti n.14 80075 Forio d\u2019Ischia (NA). Il diritto di recesso \u00e8 comunque sottoposto alle seguenti condizioni: il diritto si applica ai singoli prodotti acquistati nella loro interezza;<br \/>* il prodotto acquistato dovr\u00e0 essere integro e restituito nella confezione originale, completa in tutte le sue parti (compresi imballo e documentazione accessoria);<br \/>* le spese di spedizione relative alla restituzione del prodotto sono a carico del Cliente;<br \/>* la spedizione \u00e8 sotto la completa responsabilit\u00e0 del Cliente. Se il diritto di recesso \u00e8 stato correttamente esercitato, Da Nicola S.N.C. provveder\u00e0 a rimborsare al Cliente l\u2019intero importo gi\u00e0 pagato, entro 48 (quarantotto) ore dal ricevimento del prodotto.<br \/>L\u2019importo rimborsato sar\u00e0 al netto delle spese per la consegna dei prodotti.<br \/>9. Garanzie: Da Nicola S.N.C., fatto salvo quanto meglio specificato nella scheda prodotto, garantisce tutti i prodotti venduti entro i termini di legge nonch\u00e9 delle garanzie commerciali.<br \/>10. Foro competente: il contratto si intende concluso in Italia e regolato dalla legge italiana. Per qualsiasi controversia relativa alla validit\u00e0, interpretazione o esecuzione del medesimo contratto la competenza territoriale \u00e8 del foro di Napoli.<br \/>Trattamento dei dati personali<br \/>I dati del Cliente sono trattati dalla Ditta Da Nicola S.N.C. Alessandro e saranno utilizzati nel pieno rispetto dei principi fondamentali, dettati:<br \/>* dalla direttiva 95\/46\/CE del Parlamento Europeo relativa alla tutela delle presone fisiche con riguardo al trattamento dei dati personali e della circolazione dei dati;<br \/>* dalla direttiva 97\/66\/CE per la tutela della privacy nelle telecomunicazioni;<br \/>* dalla direttiva 97\/07\/CE e dal D. Lgs. 185\/99 per la protezione dei consumatori nei contratti a distanza;<br \/>* dalla direttiva 00\/31\/CE per il commercio elettronico;<br \/>* dal decreto legislativo n. 196 del 30 giugno 2003 \u201cCodice in materia di protezione dei dati personali\u201d;<br \/>* dal Decreto Legislativo 70\/2003 in tema di commercio elettronico.<br \/>Operazioni di trattamento dei dati personali e relativi scopi i saranno trattati esclusivamente allo scopo di completare la transazione commerciale o per l\u2019invio di offerte tramite posta elettronica solo se durante il processo di registrazione sia fatta richiesta tramite apposita casella selezionabile di iscrizione alle newsletter, la mancata autorizzazione pertanto determiner\u00e0 l\u2019impossibilit\u00e0 di concludere la transazione commerciale. Il trattamento sar\u00e0 realizzato mediante strumenti informatici e telematici, non riguarder\u00e0 dati sensibili ai sensi degli articoli 4 lett. D e 26 del D. Lgs. 196\/03, pertanto verr\u00e0 escluso a priori ogni trattamento di lungo periodo che possa riguardare direttamente o indirettamente dati sensibili. Tali dati non saranno comunicati o accessibili a terzi salvo i casi previsti dalla legge. Diritti dell\u2019interessato: L\u2019art. 7 del D.Leg. 196\/2003 attribuisce all\u2019interessato specifici diritti. In particolare l\u2019interessato pu\u00f2 ottenere dal titolare la conferma dell\u2019esistenza o meno di propri dati personali e che tali dati vengano messi a sua disposizione in forma comprensibile. L\u2019interessato pu\u00f2 altres\u00ec chiedere di conoscere l\u2019origine dei dati, nonch\u00e9 la logica e le finalit\u00e0 su cui si basa il trattamento; di ottenere la cancellazione, la trasformazione in forma anonima o il blocco dei dati trattati in violazione alla legge, nonch\u00e9 l\u2019aggiornamento, la rettificazione o, se vi \u00e8 interesse, l\u2019integrazione dei dati; di opporsi, per motivi legittimi, al trattamento stesso. Titolare e responsabile : \u00e8 Da Nicola S.N.C., in qualit\u00e0 di Amministratore dell\u2019omonima ditta.<\/p>\t\t\t\t\t\t\t\t<\/div>\n\t\t\t\t<\/div>\n\t\t\t\t\t<\/div>\n\t\t<\/div>\n\t\t\t\t\t<\/div>\n\t\t<\/section>\n\t\t\t\t<\/div>","protected":false},"excerpt":{"rendered":"<p>Condizioni generali Da Nicola S.N.C. con sede a Forio in Piazza Matteotti, 14 \u00e8 titolare dei domini e siti www.serpicoprodottitipiciischia.itLe presenti condizioni generali di vendita (\u201cCondizioni generali\u201d) sono regolate dal Codice del Consumo (D. Lgs. n. 206\/2005), sezione II Contratti a distanza (artt. 50 \u2013 67) e dalle norme in materia di commercio elettronico (D. &#8230; <a title=\"General conditions\" class=\"read-more\" href=\"https:\/\/serpicoprodottitipiciischia.it\/en\/condizioni\/\" aria-label=\"Read more about Condizioni generali\">Read more<\/a><\/p>","protected":false},"author":1,"featured_media":0,"parent":0,"menu_order":0,"comment_status":"closed","ping_status":"closed","template":"elementor_header_footer","meta":{"_acf_changed":false,"footnotes":""},"class_list":["post-1178","page","type-page","status-publish"],"acf":[],"_links":{"self":[{"href":"https:\/\/serpicoprodottitipiciischia.it\/en\/wp-json\/wp\/v2\/pages\/1178","targetHints":{"allow":["GET"]}}],"collection":[{"href":"https:\/\/serpicoprodottitipiciischia.it\/en\/wp-json\/wp\/v2\/pages"}],"about":[{"href":"https:\/\/serpicoprodottitipiciischia.it\/en\/wp-json\/wp\/v2\/types\/page"}],"author":[{"embeddable":true,"href":"https:\/\/serpicoprodottitipiciischia.it\/en\/wp-json\/wp\/v2\/users\/1"}],"replies":[{"embeddable":true,"href":"https:\/\/serpicoprodottitipiciischia.it\/en\/wp-json\/wp\/v2\/comments?post=1178"}],"version-history":[{"count":0,"href":"https:\/\/serpicoprodottitipiciischia.it\/en\/wp-json\/wp\/v2\/pages\/1178\/revisions"}],"wp:attachment":[{"href":"https:\/\/serpicoprodottitipiciischia.it\/en\/wp-json\/wp\/v2\/media?parent=1178"}],"curies":[{"name":"wp","href":"https:\/\/api.w.org\/{rel}","templated":true}]}}